{"id":949,"date":"2024-03-26T10:05:23","date_gmt":"2024-03-26T09:05:23","guid":{"rendered":"https:\/\/confinity-solutions.com\/imprint-copy\/"},"modified":"2026-02-02T14:43:15","modified_gmt":"2026-02-02T13:43:15","slug":"terms-of-use","status":"publish","type":"page","link":"https:\/\/confinity-solutions.com\/es\/terms-of-use\/","title":{"rendered":"Condiciones de Uso"},"content":{"rendered":"<div data-elementor-type=\"wp-page\" data-elementor-id=\"949\" class=\"elementor elementor-949\" data-elementor-post-type=\"page\">\n\t\t\t\t<div class=\"elementor-element elementor-element-efeba59 e-flex e-con-boxed e-con e-parent\" data-id=\"efeba59\" data-element_type=\"container\" data-e-type=\"container\">\n\t\t\t\t\t<div class=\"e-con-inner\">\n\t\t<div class=\"elementor-element elementor-element-6b11335 e-con-full e-flex e-con e-child\" data-id=\"6b11335\" data-element_type=\"container\" data-e-type=\"container\" data-settings=\"{&quot;background_background&quot;:&quot;classic&quot;,&quot;shape_divider_bottom&quot;:&quot;arrow&quot;,&quot;shape_divider_bottom_negative&quot;:&quot;yes&quot;}\">\n\t\t\t\t<div class=\"elementor-shape elementor-shape-bottom\" aria-hidden=\"true\" data-negative=\"true\">\n\t\t\t<svg xmlns=\"http:\/\/www.w3.org\/2000\/svg\" viewbox=\"0 0 700 10\" preserveaspectratio=\"none\">\n\t<path class=\"elementor-shape-fill\" d=\"M360 0L350 9.9 340 0 0 0 0 10 700 10 700 0\"\/>\n<\/svg>\t\t<\/div>\n\t\t<div class=\"elementor-element elementor-element-5eb2c4c e-con-full e-flex e-con e-child\" data-id=\"5eb2c4c\" data-element_type=\"container\" data-e-type=\"container\">\n\t\t\t\t<div class=\"elementor-element elementor-element-594426c elementor-widget elementor-widget-heading\" data-id=\"594426c\" data-element_type=\"widget\" data-e-type=\"widget\" data-widget_type=\"heading.default\">\n\t\t\t\t\t<h1 class=\"elementor-heading-title elementor-size-default\">Condiciones de Uso<\/h1>\t\t\t\t<\/div>\n\t\t\t\t<div class=\"elementor-element elementor-element-a0186a6 elementor-widget elementor-widget-text-editor\" data-id=\"a0186a6\" data-element_type=\"widget\" data-e-type=\"widget\" data-widget_type=\"text-editor.default\">\n\t\t\t\t\t\t\t\t\t<p>Fecha: 01 de abril de 2024<\/p>\t\t\t\t\t\t\t\t<\/div>\n\t\t\t\t<\/div>\n\t\t<div class=\"elementor-element elementor-element-e6e079c e-con-full e-flex e-con e-child\" data-id=\"e6e079c\" data-element_type=\"container\" data-e-type=\"container\">\n\t\t\t\t<div class=\"elementor-element elementor-element-90e2fdc elementor-nav-menu__align-end elementor-nav-menu--dropdown-none elementor-hidden-mobile elementor-widget elementor-widget-nav-menu\" data-id=\"90e2fdc\" data-element_type=\"widget\" data-e-type=\"widget\" data-settings=\"{&quot;submenu_icon&quot;:{&quot;value&quot;:&quot;&lt;i aria-hidden=\\&quot;true\\&quot; class=\\&quot;\\&quot;&gt;&lt;\\\/i&gt;&quot;,&quot;library&quot;:&quot;&quot;},&quot;layout&quot;:&quot;horizontal&quot;}\" data-widget_type=\"nav-menu.default\">\n\t\t\t\t\t\t\t\t<nav aria-label=\"Men\u00fa\" class=\"elementor-nav-menu--main elementor-nav-menu__container elementor-nav-menu--layout-horizontal e--pointer-none\">\n\t\t\t\t<ul id=\"menu-1-90e2fdc\" class=\"elementor-nav-menu\"><li class=\"menu-item menu-item-type-post_type menu-item-object-page menu-item-1953\"><a href=\"https:\/\/confinity-solutions.com\/es\/imprint\/\" class=\"elementor-item\">Aviso Legal<\/a><\/li>\n<li class=\"menu-item menu-item-type-post_type menu-item-object-page menu-item-privacy-policy menu-item-1952\"><a rel=\"privacy-policy\" href=\"https:\/\/confinity-solutions.com\/es\/privacy-policy\/\" class=\"elementor-item\">Pol\u00edtica de Privacidad<\/a><\/li>\n<li class=\"menu-item menu-item-type-post_type menu-item-object-page menu-item-1951\"><a href=\"https:\/\/confinity-solutions.com\/es\/terms-of-use\/\" class=\"elementor-item\">Condiciones de Uso<\/a><\/li>\n<\/ul>\t\t\t<\/nav>\n\t\t\t\t\t\t<nav class=\"elementor-nav-menu--dropdown elementor-nav-menu__container\" aria-hidden=\"true\">\n\t\t\t\t<ul id=\"menu-2-90e2fdc\" class=\"elementor-nav-menu\"><li class=\"menu-item menu-item-type-post_type menu-item-object-page menu-item-1953\"><a href=\"https:\/\/confinity-solutions.com\/es\/imprint\/\" class=\"elementor-item\" tabindex=\"-1\">Aviso Legal<\/a><\/li>\n<li class=\"menu-item menu-item-type-post_type menu-item-object-page menu-item-privacy-policy menu-item-1952\"><a rel=\"privacy-policy\" href=\"https:\/\/confinity-solutions.com\/es\/privacy-policy\/\" class=\"elementor-item\" tabindex=\"-1\">Pol\u00edtica de Privacidad<\/a><\/li>\n<li class=\"menu-item menu-item-type-post_type menu-item-object-page menu-item-1951\"><a href=\"https:\/\/confinity-solutions.com\/es\/terms-of-use\/\" class=\"elementor-item\" tabindex=\"-1\">Condiciones de Uso<\/a><\/li>\n<\/ul>\t\t\t<\/nav>\n\t\t\t\t\t\t<\/div>\n\t\t\t\t<\/div>\n\t\t\t\t<\/div>\n\t\t<div class=\"elementor-element elementor-element-e1d0091 e-con-full e-flex e-con e-child\" data-id=\"e1d0091\" data-element_type=\"container\" data-e-type=\"container\">\n\t\t\t\t<div class=\"elementor-element elementor-element-c87024f elementor-widget elementor-widget-text-editor\" data-id=\"c87024f\" data-element_type=\"widget\" data-e-type=\"widget\" data-widget_type=\"text-editor.default\">\n\t\t\t\t\t\t\t\t\t<h2>Descripci\u00f3n general<\/h2>\n<p>Los siguientes son los t\u00e9rminos de un acuerdo entre usted y Confinity Solutions. Al acceder o utilizar este sitio web, usted reconoce que ha le\u00eddo, comprende y acepta estar sujeto a estos t\u00e9rminos y cumplir con todas las leyes y regulaciones aplicables, incluidas las leyes y regulaciones de control de exportaci\u00f3n y reexportaci\u00f3n. Si no est\u00e1 de acuerdo con estos t\u00e9rminos, no utilice este sitio web.<\/p>\n<p>Confinity Solutions puede, sin previo aviso, en cualquier momento, revisar estos T\u00e9rminos de uso y cualquier otra informaci\u00f3n contenida en este sitio web. Confinity Solutions tambi\u00e9n puede realizar mejoras o cambios en los productos, servicios o programas descritos en este sitio en cualquier momento sin previo aviso.<\/p>\n<h2>General<\/h2>\n<p>Este sitio web contiene avisos de propiedad e informaci\u00f3n de derechos de autor, cuyos t\u00e9rminos deben observarse y seguirse.<\/p>\n<p>Confinity Solutions le otorga un permiso no exclusivo, intransferible y limitado para acceder y mostrar las p\u00e1ginas web dentro de este sitio como cliente o cliente potencial de Confinity Solutions, siempre que cumpla con estos T\u00e9rminos de uso y todos los avisos de derechos de autor, marcas comerciales y otros avisos de propiedad. permanece intacto. S\u00f3lo puede utilizar un rastreador para rastrear este sitio web seg\u00fan lo permita el protocolo robots.txt de este sitio web, y Confinity Solutions puede bloquear cualquier rastreador a su entera discreci\u00f3n. El uso autorizado en virtud de este acuerdo es de naturaleza no comercial (por ejemplo, no puede vender el contenido al que accede en o a trav\u00e9s de este sitio web). Cualquier otro uso de este sitio est\u00e1 prohibido.<\/p>\n<p>Excepto por el permiso limitado en el p\u00e1rrafo anterior, Confinity Solutions no le otorga ning\u00fan derecho o licencia expresa o impl\u00edcita bajo ninguna patente, marca comercial, derechos de autor u otros derechos de propiedad intelectual o de propiedad. No puede reflejar ning\u00fan contenido de este sitio en otro sitio web ni en ning\u00fan otro medio. Cualquier software y otros materiales que est\u00e9n disponibles para descarga, acceso u otro uso desde este sitio con sus propios t\u00e9rminos de licencia se regir\u00e1n por dichos t\u00e9rminos, condiciones y avisos. Su incumplimiento de dichos t\u00e9rminos o cualquiera de los t\u00e9rminos de este sitio resultar\u00e1 en la terminaci\u00f3n autom\u00e1tica de cualquier derecho otorgado a usted, sin previo aviso, y deber\u00e1 destruir inmediatamente todas las copias de los materiales descargados en su posesi\u00f3n, custodia o control.<\/p>\n<h2>Descargo de responsabilidad<\/h2>\n<p>De vez en cuando, este sitio web puede contener imprecisiones t\u00e9cnicas o errores tipogr\u00e1ficos, y no garantizamos la exactitud de la informaci\u00f3n publicada. Confirme que est\u00e1 utilizando las p\u00e1ginas m\u00e1s actualizadas de este sitio web y confirme la exactitud e integridad de la informaci\u00f3n antes de usarla para tomar decisiones relacionadas con servicios, productos u otros asuntos descritos en este sitio web.<\/p>\n<p>Si una autoridad judicial competente determina que alg\u00fan t\u00e9rmino de estos T\u00e9rminos de uso es inaplicable en alg\u00fan aspecto, la validez del resto de estos T\u00e9rminos de uso no se ver\u00e1 afectada, siempre que dicha inaplicabilidad no afecte materialmente los derechos de las partes en virtud de estos T\u00e9rminos. de uso.<\/p>\n<h2>Informaci\u00f3n confidencial<\/h2>\n<p>Confinity Solutions no desea recibir informaci\u00f3n confidencial o de propiedad suya a trav\u00e9s de nuestro sitio web. Tenga en cuenta que cualquier informaci\u00f3n o material enviado a Confinity Solutions se considerar\u00e1 NO confidencial. Al enviar a Confinity Solutions cualquier informaci\u00f3n o material, usted otorga a Confinity Solutions una licencia irrevocable y sin restricciones para copiar, reproducir, publicar, cargar, publicar, transmitir, distribuir, mostrar p\u00fablicamente, realizar, modificar, crear trabajos derivados y utilizar libremente dichos materiales. o informaci\u00f3n. Tambi\u00e9n acepta que Confinity Solutions es libre de utilizar cualquier idea, concepto, conocimiento o t\u00e9cnica que nos env\u00ede para cualquier prop\u00f3sito. Sin embargo, no revelaremos su nombre ni publicitaremos de otra manera el hecho de que nos envi\u00f3 materiales u otra informaci\u00f3n a menos que: (a) obtengamos su permiso para usar su nombre; o (b) primero le notificamos que los materiales u otra informaci\u00f3n que env\u00ede a una parte particular de este sitio se publicar\u00e1n o utilizar\u00e1n de otro modo con su nombre; o (c) estamos obligados a hacerlo por ley. La informaci\u00f3n de identificaci\u00f3n personal que env\u00ede a Confinity Solutions con el fin de recibir productos o servicios se manejar\u00e1 de acuerdo con nuestra Pol\u00edtica de seguridad.<\/p>\n<h2>Disponibilidad global<\/h2>\n<p>La informaci\u00f3n que Confinity Solutions publica en este sitio web puede contener referencias o referencias cruzadas a productos, programas y servicios de Confinity Solutions que no est\u00e1n anunciados ni disponibles en su pa\u00eds. Dichas referencias no implican que Confinity Solutions tenga la intenci\u00f3n de anunciar o poner a disposici\u00f3n dichos productos, programas o servicios en su pa\u00eds.<\/p>\n<h2>Relaciones comerciales<\/h2>\n<p>Este sitio web puede proporcionar enlaces o referencias a sitios web y recursos que no pertenecen a Confinity Solutions. Confinity Solutions no hace ninguna declaraci\u00f3n, garant\u00eda u otro compromiso o respaldo de ning\u00fan tipo sobre ning\u00fan sitio web que no sea de Confinity Solutions o recursos de terceros (incluido cualquier sitio web de IBM) a los que se pueda hacer referencia, a los que se pueda acceder o vincular a cualquier sitio de Confinity Solutions. Adem\u00e1s, Confinity Solutions no es parte ni responsable de ninguna transacci\u00f3n que usted pueda realizar con terceros, incluso si se entera de dichas partes (o utiliza un enlace a dichas partes) desde el sitio de Confinity Solutions. Cuando acceda a un sitio web que no sea de Confinity Solutions, incluso uno que pueda contener el logotipo de Confinity Solutions, comprenda que es independiente de Confinity Solutions y que Confinity Solutions no controla el contenido de ese sitio web. Depende de usted tomar precauciones para protegerse de virus, gusanos, caballos de Troya y otros programas potencialmente destructivos, y proteger su informaci\u00f3n.<\/p>\n<h2>Vinculando a este sitio<\/h2>\n<p>Confinity Solutions consiente \u00fanicamente los enlaces a este sitio web en los que el enlace y las p\u00e1ginas que se activan mediante el enlace no: (a) crean marcos alrededor de cualquier p\u00e1gina de este sitio web ni utilizan otras t\u00e9cnicas que alteren de alguna manera la presentaci\u00f3n visual o la apariencia de cualquier contenido dentro de este sitio; (b) tergiversar su relaci\u00f3n con Confinity Solutions; (c) implicar que Confinity Solutions aprueba o respalda a usted, su sitio web o sus ofertas de servicios o productos; y (d) presentar impresiones falsas o enga\u00f1osas sobre Confinity Solutions o da\u00f1ar de otro modo la buena voluntad asociada con el nombre o las marcas comerciales de Confinity Solutions. Como condici\u00f3n adicional para que se le permita vincularse a este sitio, usted acepta que Confinity Solutions puede, en cualquier momento, a su entera discreci\u00f3n, cancelar el permiso para vincularse a este sitio web. En tal caso, usted acepta eliminar inmediatamente todos los enlaces a este sitio web y cesar cualquier uso relacionado de las marcas comerciales de Confinity Solutions.<\/p>\n<h2>RENUNCIA DE GARANT\u00cdA<\/h2>\n<p>EL USO DE ESTE SITIO ES BAJO SU PROPIO RIESGO. TODOS LOS MATERIALES, INFORMACI\u00d3N, PRODUCTOS, SOFTWARE, PROGRAMAS Y SERVICIOS SE PROPORCIONAN \u201cTAL CUAL\u201d, SIN GARANT\u00cdA DE NING\u00daN TIPO. CONFINITY SOLUTIONS RENUNCIA EXPRESAMENTE, EN LA MEDIDA M\u00c1XIMA PERMITIDA POR LA LEY, A TODAS LAS GARANT\u00cdAS O DECLARACIONES EXPRESAS, IMPL\u00cdCITAS, LEGALES Y DE OTRO TIPO, INCLUYENDO, SIN LIMITACI\u00d3N, LAS GARANT\u00cdAS DE COMERCIABILIDAD, IDONEIDAD PARA UN PROP\u00d3SITO PARTICULAR Y NO INFRACCI\u00d3N DE PROPIEDADES Y DERECHOS DE PROPIEDAD INTELECTUAL. SIN LIMITACI\u00d3N, CONFINITY SOLUTIONS NO OFRECE GARANT\u00cdAS DE QUE ESTE SITIO WEB SER\u00c1 ININTERRUMPIDO, OPORTUNO, SEGURO O LIBRE DE ERRORES.<\/p>\n<p>USTED ENTIENDE Y ACEPTA QUE SI DESCARGA U OBTIENE MATERIALES, INFORMACI\u00d3N, PRODUCTOS, SOFTWARE, PROGRAMAS O SERVICIOS DE ESTE SITIO WEB, LO HACE BAJO SU PROPIA DISCRECI\u00d3N Y RIESGO Y QUE SER\u00c1 EL \u00daNICO RESPONSABLE DE CUALQUIER DA\u00d1O QUE PUEDA RESULTAR. INCLUYENDO P\u00c9RDIDA DE DATOS O DA\u00d1OS A SU SISTEMA INFORM\u00c1TICO. ALGUNAS JURISDICCIONES NO PERMITEN LA EXCLUSI\u00d3N DE GARANT\u00cdAS, POR LO QUE LAS EXCLUSIONES ANTERIORES PUEDEN NO APLICARSE EN SU CASO.<\/p>\n<h2>LIMITACI\u00d3N DE RESPONSABILIDAD<\/h2>\n<p>EN LA MEDIDA M\u00c1XIMA PERMITIDA POR LA LEY APLICABLE, EN NING\u00daN CASO CONFINITY SOLUTIONS SER\u00c1 RESPONSABLE ANTE NINGUNA PARTE POR CUALQUIER DA\u00d1O DIRECTO, INDIRECTO, INCIDENTAL, ESPECIAL, EJEMPLAR O CONSECUENTE DE CUALQUIER TIPO RELACIONADO O QUE SURJA DE ESTE SITIO WEB O CUALQUIER USO DE ESTE SITIO WEB, O DE CUALQUIER SITIO O RECURSO VINCULADO A, REFERENCIADO O ACCESIDO A TRAV\u00c9S DE ESTE SITIO WEB, O PARA EL USO O DESCARGA O ACCESO A CUALQUIER MATERIAL, INFORMACI\u00d3N, PRODUCTOS O SERVICIOS, INCLUYENDO, SIN LIMITACI\u00d3N, CUALQUIER P\u00c9RDIDA DE GANANCIAS, INTERRUPCI\u00d3N DEL NEGOCIO, P\u00c9RDIDA DE AHORROS O P\u00c9RDIDA DE PROGRAMAS U OTROS DATOS, AUNQUE CONFINITY SOLUTIONS SE ADVIERTE EXPRESAMENTE DE LA POSIBILIDAD DE TALES DA\u00d1OS. ESTA EXCLUSI\u00d3N Y RENUNCIA DE RESPONSABILIDAD SE APLICA A TODAS LAS CAUSAS DE ACCI\u00d3N, YA SEA BASADAS EN CONTRATO, GARANT\u00cdA, AGRAVIO O CUALQUIER OTRA TEOR\u00cdA LEGAL.<\/p>\t\t\t\t\t\t\t\t<\/div>\n\t\t\t\t<div class=\"elementor-element elementor-element-e7dbc30 elementor-widget elementor-widget-global elementor-global-913 elementor-widget-spacer\" data-id=\"e7dbc30\" data-element_type=\"widget\" data-e-type=\"widget\" data-widget_type=\"spacer.default\">\n\t\t\t\t\t\t\t<div class=\"elementor-spacer\">\n\t\t\t<div class=\"elementor-spacer-inner\"><\/div>\n\t\t<\/div>\n\t\t\t\t\t\t<\/div>\n\t\t\t\t<\/div>\n\t\t\t\t\t<\/div>\n\t\t\t\t<\/div>\n\t\t\t\t<\/div>","protected":false},"excerpt":{"rendered":"<p>Terms of Use Date: April 01, 2024 Overview The following are the terms of an agreement between you and Confinity Solutions. By accessing, or using this Website, you acknowledge that you have read, understand, and agree to be bound by these terms and to comply with all applicable laws and regulations, including export and re-export [&hellip;]<\/p>\n","protected":false},"author":3,"featured_media":3313,"parent":0,"menu_order":0,"comment_status":"closed","ping_status":"closed","template":"","meta":{"footnotes":"","_links_to":"","_links_to_target":""},"class_list":["post-949","page","type-page","status-publish","has-post-thumbnail","hentry"],"blocksy_meta":[],"_links":{"self":[{"href":"https:\/\/confinity-solutions.com\/es\/wp-json\/wp\/v2\/pages\/949","targetHints":{"allow":["GET"]}}],"collection":[{"href":"https:\/\/confinity-solutions.com\/es\/wp-json\/wp\/v2\/pages"}],"about":[{"href":"https:\/\/confinity-solutions.com\/es\/wp-json\/wp\/v2\/types\/page"}],"author":[{"embeddable":true,"href":"https:\/\/confinity-solutions.com\/es\/wp-json\/wp\/v2\/users\/3"}],"replies":[{"embeddable":true,"href":"https:\/\/confinity-solutions.com\/es\/wp-json\/wp\/v2\/comments?post=949"}],"version-history":[{"count":4,"href":"https:\/\/confinity-solutions.com\/es\/wp-json\/wp\/v2\/pages\/949\/revisions"}],"predecessor-version":[{"id":1956,"href":"https:\/\/confinity-solutions.com\/es\/wp-json\/wp\/v2\/pages\/949\/revisions\/1956"}],"wp:featuredmedia":[{"embeddable":true,"href":"https:\/\/confinity-solutions.com\/es\/wp-json\/wp\/v2\/media\/3313"}],"wp:attachment":[{"href":"https:\/\/confinity-solutions.com\/es\/wp-json\/wp\/v2\/media?parent=949"}],"curies":[{"name":"wp","href":"https:\/\/api.w.org\/{rel}","templated":true}]}}